{"id":2198,"date":"2022-12-01T14:53:14","date_gmt":"2022-12-01T14:53:14","guid":{"rendered":"https:\/\/hilger.office-te.ch\/?page_id=2198"},"modified":"2022-12-01T14:55:09","modified_gmt":"2022-12-01T14:55:09","slug":"impressum","status":"publish","type":"page","link":"https:\/\/hilger.office-te.ch\/?page_id=2198","title":{"rendered":"Impressum"},"content":{"rendered":"<p>[vc_section][vc_row][vc_column][vc_column_text]<\/p>\n<table border=\"0\" width=\"175\" cellspacing=\"0\" cellpadding=\"0\">\n<tbody>\n<tr>\n<td align=\"left\" valign=\"top\">\n<table>\n<tbody>\n<tr>\n<td align=\"center\" valign=\"middle\">\n<div>\n<table border=\"0\" width=\"97%\" cellspacing=\"0\" cellpadding=\"2\">\n<tbody>\n<tr>\n<td>\n<table border=\"0\" width=\"100%\" cellspacing=\"0\" cellpadding=\"5\">\n<tbody>\n<tr>\n<td colspan=\"2\"><strong>Orthop\u00e4disch- Unfallchirurgische- Osteologische- Praxis Neustadt<br \/>\n<\/strong><em>Kompetenzzentrum Osteoporose<br \/>\n<\/em>Dr. med. Peter Hilger<\/td>\n<\/tr>\n<tr>\n<td colspan=\"2\">Wallstr. 12, 31535 Neustadt<br \/>\nTelefon 05032-891500 \/ Fax 05032-949462<\/td>\n<\/tr>\n<tr>\n<td colspan=\"2\">E-Mail: ifonn@gmx.de<br \/>\nWeb: www.ifonn.de<\/td>\n<\/tr>\n<tr>\n<td align=\"left\" valign=\"top\" width=\"34%\">Berufsbezeichnung:<\/td>\n<td width=\"66%\">Arzt<\/td>\n<\/tr>\n<tr>\n<td align=\"left\" valign=\"top\">verliehen in:<\/td>\n<td>Deutschland<\/td>\n<\/tr>\n<tr>\n<td align=\"left\" valign=\"top\">niedergelassen seit:<\/td>\n<td>1996<\/td>\n<\/tr>\n<tr>\n<td align=\"left\" valign=\"top\">Zust\u00e4ndige Aufsichtsbeh\u00f6rde:<\/td>\n<td>Kassen\u00e4rztliche Vereinigung Niedersachsen<br \/>\nBerliner Allee 22, 30175 Hannover<\/td>\n<\/tr>\n<tr>\n<td align=\"left\" valign=\"top\">Zust\u00e4ndige Kammer:<\/td>\n<td>\u00c4rztekammer Niedersachsen<br \/>\nBerliner Allee 20, 30175 Hannover<\/td>\n<\/tr>\n<tr>\n<td align=\"left\" valign=\"top\">Berufsbezeichnung:<\/td>\n<td>\u00c4rzte mit Approbation<br \/>\nin der Bundesrepublik Deutschland<\/td>\n<\/tr>\n<tr>\n<td align=\"left\" valign=\"top\">Berufsrechtliche Regelung:<\/td>\n<td>Berufsordnung der \u00c4rztekammer Niedersachsen<br \/>\nFundstelle im Nieders\u00e4chsischen \u00c4rzteblatt, Berliner Allee 20 in 30003 Hannover und zug\u00e4nglich \u00fcber\u00a0<a href=\"http:\/\/www.aekn.de\/\" target=\"_blank\" rel=\"noopener\">www.aekn.de<\/a>.<\/td>\n<\/tr>\n<tr>\n<td align=\"left\" valign=\"top\">Inhaltlich Verantwortlicher<br \/>\ngem\u00e4\u00df \u00a710 Absatz 3 MDStV:<\/td>\n<td>Dr. med. Peter Hilger<\/td>\n<\/tr>\n<tr>\n<td align=\"left\" valign=\"top\">Umsatzsteuer \/ Identifikationsnr.:<\/td>\n<td>DE243682923<\/td>\n<\/tr>\n<tr>\n<td align=\"left\" valign=\"top\">Lebenslange Arztnummer:<\/td>\n<td>778974210<\/td>\n<\/tr>\n<tr>\n<td align=\"left\" valign=\"top\">Betriebsst\u00e4ttennummer:<\/td>\n<td>094463000<\/td>\n<\/tr>\n<tr>\n<td align=\"left\" valign=\"top\">Berufshaftpflicht:<\/td>\n<td>Alte Leipziger<br \/>\nVersicherung Aktiengesellschaft<br \/>\nAlte Leipziger Platz 1<br \/>\n61440 Oberursel<\/td>\n<\/tr>\n<tr>\n<td align=\"left\" valign=\"top\">Haftungshinweis:<\/td>\n<td>Mit Urteil vom 12. Mai 1998 &#8211; 312 O 85\/98 &#8211; &#8222;Haftung f\u00fcr Links&#8220; hat das Landgericht Hamburg entschieden, dass Seitenbetreiber durch die Anbringung eines Links die Inhalte der gelinkten Seite gegebenenfalls mit zu verantworten haben. Dies kann nur dadurch verhindert werden, dass man sich ausdr\u00fccklich von diesen Inhalten distanziert. Deshalb distanzieren wir uns hiermit ausdr\u00fccklich von allen Inhalten aller aufgef\u00fchrten gelinkten Seiten auf dieser Homepage und machen uns diese Inhalte nicht zu Eigen. Diese Erkl\u00e4rung gilt f\u00fcr s\u00e4mtliche auf unserer eigenen Homepage angebrachten Links.<\/td>\n<\/tr>\n<tr>\n<td align=\"left\" valign=\"top\">Zweck und Ziel dieser Internetseite:<\/td>\n<td>Wir m\u00f6chten \u00fcber unsere Praxis, die angebotenen Leistungen und Praxisabl\u00e4ufe sowie \u00fcber orthop\u00e4dische Krankheitsbilder und ihre Behandlungsm\u00f6glichkeiten informieren.<\/p>\n<p>Eine Unterst\u00fctzung von Sponsoren oder sonstigen Institutionen erhalten wird hierf\u00fcr nicht.<\/td>\n<\/tr>\n<\/tbody>\n<\/table>\n<\/td>\n<\/tr>\n<\/tbody>\n<\/table>\n<\/div>\n<\/td>\n<\/tr>\n<\/tbody>\n<\/table>\n<\/td>\n<\/tr>\n<\/tbody>\n<\/table>\n<p>[\/vc_column_text][\/vc_column][\/vc_row][\/vc_section]<\/p>\n","protected":false},"excerpt":{"rendered":"<p>[vc_section][vc_row][vc_column][vc_column_text] Orthop\u00e4disch- Unfallchirurgische- Osteologische- Praxis Neustadt Kompetenzzentrum Osteoporose Dr. med. Peter Hilger Wallstr. 12, 31535 Neustadt Telefon 05032-891500 \/ Fax 05032-949462 E-Mail: ifonn@gmx.de Web: www.ifonn.de Berufsbezeichnung: Arzt verliehen in: Deutschland niedergelassen seit: 1996 Zust\u00e4ndige Aufsichtsbeh\u00f6rde: Kassen\u00e4rztliche Vereinigung Niedersachsen Berliner Allee 22, 30175 Hannover Zust\u00e4ndige Kammer: \u00c4rztekammer Niedersachsen Berliner Allee 20, 30175 Hannover Berufsbezeichnung: \u00c4rzte mit [&hellip;]<\/p>\n","protected":false},"author":6,"featured_media":0,"parent":0,"menu_order":0,"comment_status":"closed","ping_status":"closed","template":"","meta":{"footnotes":""},"class_list":["post-2198","page","type-page","status-publish","hentry"],"_links":{"self":[{"href":"https:\/\/hilger.office-te.ch\/index.php?rest_route=\/wp\/v2\/pages\/2198","targetHints":{"allow":["GET"]}}],"collection":[{"href":"https:\/\/hilger.office-te.ch\/index.php?rest_route=\/wp\/v2\/pages"}],"about":[{"href":"https:\/\/hilger.office-te.ch\/index.php?rest_route=\/wp\/v2\/types\/page"}],"author":[{"embeddable":true,"href":"https:\/\/hilger.office-te.ch\/index.php?rest_route=\/wp\/v2\/users\/6"}],"replies":[{"embeddable":true,"href":"https:\/\/hilger.office-te.ch\/index.php?rest_route=%2Fwp%2Fv2%2Fcomments&post=2198"}],"version-history":[{"count":2,"href":"https:\/\/hilger.office-te.ch\/index.php?rest_route=\/wp\/v2\/pages\/2198\/revisions"}],"predecessor-version":[{"id":2202,"href":"https:\/\/hilger.office-te.ch\/index.php?rest_route=\/wp\/v2\/pages\/2198\/revisions\/2202"}],"wp:attachment":[{"href":"https:\/\/hilger.office-te.ch\/index.php?rest_route=%2Fwp%2Fv2%2Fmedia&parent=2198"}],"curies":[{"name":"wp","href":"https:\/\/api.w.org\/{rel}","templated":true}]}}