{"id":166,"date":"2015-09-28T17:04:12","date_gmt":"2015-09-28T17:04:12","guid":{"rendered":"http:\/\/plethorathemes.com\/healthx\/?page_id=166"},"modified":"2022-12-05T08:41:05","modified_gmt":"2022-12-05T08:41:05","slug":"about-us","status":"publish","type":"page","link":"https:\/\/hilger.office-te.ch\/?page_id=166","title":{"rendered":"\u00dcber uns"},"content":{"rendered":"<p>[vc_row][vc_column]<div class=\"section_header subtitle_bottom   fancy text-center\">\n\n    <h2>Unsere Praxis<\/h2>\n\n\n        <p ><\/p>\n<\/div>[vc_column_text]<\/p>\n<table border=\"0\" width=\"90%\" cellspacing=\"0\" cellpadding=\"2\">\n<tbody>\n<tr align=\"left\">\n<td colspan=\"2\" valign=\"top\"><span class=\"Stil2\">Qualit\u00e4tsmanagement:<\/span><\/td>\n<\/tr>\n<tr align=\"left\">\n<td colspan=\"2\" valign=\"top\">Die Implementierung eines Qualit\u00e4tsmanagement-Systems in der Praxis ist eine freiwillige unternehmerische Entscheidung, die wir im Jahr 2002 f\u00fcr unsere Praxis getroffen haben. Nach intensiver Vorbereitung haben wir uns am 19.10.06 erstmals nach DIN EN ISO 9001\/2000 zertifizieren lassen, seit dem finden j\u00e4hrlich Re- Audits zur \u00dcberpr\u00fcfung unserer Qualit\u00e4t statt.<\/p>\n<p>Wir haben uns damals f\u00fcr das Qualit\u00e4tsmanagement entschieden, weil wir standardisierte Abl\u00e4ufe und Verfahren bevorzugen und somit unseren Patienten die bestm\u00f6gliche Therapie erm\u00f6glichen wollen!!!<\/p>\n<table border=\"0\" width=\"100%\" cellpadding=\"0\">\n<tbody>\n<tr align=\"left\" valign=\"top\">\n<td width=\"2%\"><img loading=\"lazy\" decoding=\"async\" src=\"https:\/\/www.praxisfuerorthopaedie.de\/img\/punkt.gif\" alt=\"\" width=\"5\" height=\"10\" \/><\/td>\n<td width=\"98%\">Wir nehmen jeden Patienten mit seinen Bed\u00fcrfnissen ernst, engagieren uns f\u00fcr ihn und stellen ihm sinnvolle Therapiem\u00f6glichkeiten bzw. Behandlungsalternativen vor.<\/td>\n<\/tr>\n<tr align=\"left\" valign=\"top\">\n<td><img loading=\"lazy\" decoding=\"async\" src=\"https:\/\/www.praxisfuerorthopaedie.de\/img\/punkt.gif\" alt=\"\" width=\"5\" height=\"10\" \/><\/td>\n<td>Wir verstehen uns als Berater des Patienten und suchen gemeinsam mit ihm eine individuelle L\u00f6sung f\u00fcr sein aktuelles gesundheitliches Problem und geben ihm Empfehlungen f\u00fcr die Zukunft.<\/td>\n<\/tr>\n<tr align=\"left\" valign=\"top\">\n<td><img loading=\"lazy\" decoding=\"async\" src=\"https:\/\/www.praxisfuerorthopaedie.de\/img\/punkt.gif\" alt=\"\" width=\"5\" height=\"10\" \/><\/td>\n<td>Wir gehen sensibel und behutsam mit dem Patienten um und w\u00e4hlen unsere Behandlungsmethoden nach dem Grundsatz aus: M\u00f6glichst viel nutzen, wenig schaden!<\/td>\n<\/tr>\n<tr align=\"left\" valign=\"top\">\n<td><img loading=\"lazy\" decoding=\"async\" src=\"https:\/\/www.praxisfuerorthopaedie.de\/img\/punkt.gif\" alt=\"\" width=\"5\" height=\"10\" \/><\/td>\n<td>Unser Ziel ist es, Patienten durch eine kompetente und engagierte \u00e4rztliche Beratung und Betreuung auf ihrem Weg zu mehr Gesundheit und Wohlbefinden langfristig und auf Dauer zu begleiten. Deshalb bieten wir in unserer Praxis umfassenden Service und ein hohes Ma\u00df an Behandlungskomfort sowie vermehrt Vorsorgeleistungen an.<\/td>\n<\/tr>\n<tr align=\"left\" valign=\"top\">\n<td><img loading=\"lazy\" decoding=\"async\" src=\"https:\/\/www.praxisfuerorthopaedie.de\/img\/punkt.gif\" alt=\"\" width=\"5\" height=\"10\" \/><\/td>\n<td>Im Rahmen unserer Arbeit m\u00f6chten wir unsere Patienten aber auch dazu motivieren, mehr Verantwortung f\u00fcr sich selbst zu \u00fcbernehmen und ihr Gesundheitsmanagement aktiv und eigen-verantwortlich in die Hand zu nehmen.<\/td>\n<\/tr>\n<tr align=\"left\" valign=\"top\">\n<td><img loading=\"lazy\" decoding=\"async\" src=\"https:\/\/www.praxisfuerorthopaedie.de\/img\/punkt.gif\" alt=\"\" width=\"5\" height=\"10\" \/><\/td>\n<td>An die Qualit\u00e4t unserer \u00e4rztlichen Arbeit stellen wir h\u00f6chste Anspr\u00fcche: hervorragendes Fachwissen, langj\u00e4hrige Behandlungserfahrung, handwerkliches K\u00f6nnen, umfassende Diagnostik und das gemeinsame Engagement bilden die Grundlagen unserer Zusammenarbeit. Deshalb haben wir f\u00fcr unsere Praxis medizinische und organisatorische Qualit\u00e4tsstandards definiert, die wir im Rahmen der Zertifizierung regelm\u00e4\u00dfig \u00fcberpr\u00fcfen<\/td>\n<\/tr>\n<tr align=\"left\" valign=\"top\">\n<td><img loading=\"lazy\" decoding=\"async\" src=\"https:\/\/www.praxisfuerorthopaedie.de\/img\/punkt.gif\" alt=\"\" width=\"5\" height=\"10\" \/><\/td>\n<td>Kontinuierliche Fortbildung ist f\u00fcr uns selbstverst\u00e4ndliche Aufgabe und Verpflichtung: Wir bieten in unserer Praxis modernste Diagnostik- und Therapieverfahren und eine operative Versorgung mit Klinikstandard an und integrieren fortlaufend innovative Untersuchungs- und Behandlungsmethoden in unser Leistungsangebot.<\/td>\n<\/tr>\n<\/tbody>\n<\/table>\n<\/td>\n<\/tr>\n<\/tbody>\n<\/table>\n<p>[\/vc_column_text][\/vc_column][\/vc_row][vc_row color_set=&#8220;light_section&#8220; full_width=&#8220;0&#8243; full_height=&#8220;0&#8243; sep_bottom=&#8220;separator_bottom sep_angled_positive_bottom&#8220; particles=&#8220;0&#8243; el_id=&#8220;facilities&#8220;][vc_column width=&#8220;1\/2&#8243; align=&#8220;text-center&#8220;]<div class=\"section_header subtitle_bottom   fancy text-left\">\n\n    <h3>Dr. med. Peter Hilger<\/h3>\n\n\n        <p ><\/p>\n<\/div>[vc_column_text]<\/p>\n<table border=\"0\" width=\"90%\" cellpadding=\"4\">\n<tbody>\n<tr align=\"left\" valign=\"top\">\n<td>geboren 1961<\/td>\n<td align=\"right\" valign=\"bottom\"><\/td>\n<\/tr>\n<tr align=\"left\" valign=\"top\">\n<td colspan=\"2\">Facharzt f\u00fcr Orthop\u00e4die und Unfallchirurgie, Osteologie<\/td>\n<\/tr>\n<tr align=\"left\" valign=\"top\">\n<td width=\"37%\">Studium:<\/td>\n<td width=\"63%\">Medizinische Hochschule Hannover<\/td>\n<\/tr>\n<tr align=\"left\" valign=\"top\">\n<td>Ausbildungsorte:<\/td>\n<td>Bremen &#8211; Zentralkrankenhaus Sankt-J\u00fcrgen-Stra\u00dfe<br \/>\nLangen &#8211; Debstedt &#8211; Seeparkkrankenhaus,<\/td>\n<\/tr>\n<tr align=\"left\" valign=\"top\">\n<td>Niederlassung:<\/td>\n<td>seit 1996<\/td>\n<\/tr>\n<tr align=\"left\" valign=\"top\">\n<td>Promotion:<\/td>\n<td>Westf\u00e4lische Wilhelms-Universit\u00e4t M\u00fcnster<br \/>\nThema: \u201eNeu klinische Aspekte zur Diagnostik und Therapie der Spondylodiscitis\u201c 1996<\/td>\n<\/tr>\n<tr align=\"left\" valign=\"top\">\n<td>Zusatzqualifikationen \/ bezeichnungen:<\/td>\n<td>Osteologie (DVO)<br \/>\nKinderorthop\u00e4die<br \/>\nzertifizierter Vorfu\u00dfchirurg<br \/>\nzertifizierter Schmerztherapeut (IGOST)<br \/>\nSpezielle orthop\u00e4dische Chirurgie<br \/>\nSpezielle Schmerztherapie<br \/>\nSportmedizin<br \/>\nChirotherapie<br \/>\nH-Arzt, Arbeits- und Schulunf\u00e4lle<br \/>\nPhysikalische Therapie<br \/>\nNaturheilverfahren<br \/>\nAkupunktur A-Diplom<\/td>\n<\/tr>\n<tr align=\"left\" valign=\"top\">\n<td>Besondere Schwerpunkte:<\/td>\n<td>Ambulante und station\u00e4re Operationen bei<br \/>\nErkrankungen \/Unf\u00e4lle der Vorf\u00fc\u00dfe, Knie- und Schultergelenke<br \/>\nOsteoporosediagnostik- und Therapie, Osteologie<br \/>\nKinderorthop\u00e4die<br \/>\nModerne ganzheitliche Arthrosetherapie<br \/>\nerstes ambulantes Osteoporosezentrum in Deutschland<\/td>\n<\/tr>\n<\/tbody>\n<\/table>\n<p>[\/vc_column_text][\/vc_column][vc_column width=&#8220;1\/2&#8243;][vc_empty_space height=&#8220;72px&#8220;][vc_single_image image=&#8220;2232&#8243; img_size=&#8220;full&#8220; alignment=&#8220;right&#8220;][\/vc_column][\/vc_row][vc_row][vc_column width=&#8220;1\/2&#8243;]<div class=\"section_header subtitle_bottom   fancy text-left\">\n\n    <h3>Partner<\/h3>\n\n\n        <p ><\/p>\n<\/div>[vc_column_text]<\/p>\n<table border=\"0\" width=\"80%\" cellpadding=\"2\">\n<tbody>\n<tr align=\"left\" valign=\"top\">\n<td width=\"3%\"><img loading=\"lazy\" decoding=\"async\" src=\"https:\/\/www.praxisfuerorthopaedie.de\/img\/punkt.gif\" alt=\"\" width=\"5\" height=\"10\" \/><\/td>\n<td width=\"97%\"><a href=\"http:\/\/www.paracelsus-kliniken.de\/\" target=\"_blank\" rel=\"noopener\">Paracelsusklinik Langenhagen<\/a><\/td>\n<\/tr>\n<tr align=\"left\" valign=\"top\">\n<td width=\"3%\"><img loading=\"lazy\" decoding=\"async\" src=\"https:\/\/www.praxisfuerorthopaedie.de\/img\/punkt.gif\" alt=\"\" width=\"5\" height=\"10\" \/><\/td>\n<td width=\"97%\"><a href=\"http:\/\/www.annastift.de\/\" target=\"_blank\" rel=\"noopener\">Annastift Hannover<\/a><\/td>\n<\/tr>\n<tr align=\"left\" valign=\"top\">\n<td width=\"3%\"><img loading=\"lazy\" decoding=\"async\" src=\"https:\/\/www.praxisfuerorthopaedie.de\/img\/punkt.gif\" alt=\"\" width=\"5\" height=\"10\" \/><\/td>\n<td width=\"97%\"><a href=\"http:\/\/www.orthopaedie-moeller.de\/\" target=\"_blank\" rel=\"noopener\">Dr. M\u00f6ller Orthop\u00e4de Hannover<\/a><\/td>\n<\/tr>\n<tr align=\"left\" valign=\"top\">\n<td width=\"3%\"><img loading=\"lazy\" decoding=\"async\" src=\"https:\/\/www.praxisfuerorthopaedie.de\/img\/punkt.gif\" alt=\"\" width=\"5\" height=\"10\" \/><\/td>\n<td width=\"97%\"><a href=\"http:\/\/www.schwa-medico.de\/\" target=\"_blank\" rel=\"noopener\">Schwa- medico<\/a><\/td>\n<\/tr>\n<tr align=\"left\" valign=\"top\">\n<td width=\"3%\"><img loading=\"lazy\" decoding=\"async\" src=\"https:\/\/www.praxisfuerorthopaedie.de\/img\/punkt.gif\" alt=\"\" width=\"5\" height=\"10\" \/><\/td>\n<td width=\"97%\">Physiotherapie Winter, Neustadt<\/td>\n<\/tr>\n<tr align=\"left\" valign=\"top\">\n<td width=\"3%\"><img loading=\"lazy\" decoding=\"async\" src=\"https:\/\/www.praxisfuerorthopaedie.de\/img\/punkt.gif\" alt=\"\" width=\"5\" height=\"10\" \/><\/td>\n<td width=\"97%\"><a href=\"http:\/\/31535redekersche-rats-apotheke.gesundheitpro.de\/\" target=\"_blank\" rel=\"noopener\">Ratsapotheke, Neustadt<\/a><\/td>\n<\/tr>\n<tr align=\"left\" valign=\"top\">\n<td width=\"3%\"><img loading=\"lazy\" decoding=\"async\" src=\"https:\/\/www.praxisfuerorthopaedie.de\/img\/punkt.gif\" alt=\"\" width=\"5\" height=\"10\" \/><\/td>\n<td width=\"97%\"><a href=\"http:\/\/www.reha-frielingen.de\/\" target=\"_blank\" rel=\"noopener\">F\u00f6rderverein f\u00fcr Rehabilitation e.V.<\/a><\/td>\n<\/tr>\n<\/tbody>\n<\/table>\n<p>[\/vc_column_text][\/vc_column][vc_column width=&#8220;1\/2&#8243;][vc_empty_space height=&#8220;72px&#8220;][vc_column_text]<\/p>\n<table border=\"0\" width=\"80%\" cellpadding=\"2\">\n<tbody>\n<tr align=\"left\" valign=\"top\">\n<td width=\"3%\"><img loading=\"lazy\" decoding=\"async\" src=\"https:\/\/www.praxisfuerorthopaedie.de\/img\/punkt.gif\" alt=\"\" width=\"5\" height=\"10\" \/><\/td>\n<td width=\"97%\"><a href=\"http:\/\/www.depelmann.de\/shop\/?\" target=\"_blank\" rel=\"noopener\">Galerie Depelmann, Langenhagen<\/a><\/td>\n<\/tr>\n<tr align=\"left\" valign=\"top\">\n<td width=\"3%\"><img loading=\"lazy\" decoding=\"async\" src=\"https:\/\/www.praxisfuerorthopaedie.de\/img\/punkt.gif\" alt=\"\" width=\"5\" height=\"10\" \/><\/td>\n<td width=\"97%\">MRT Podbi Dres. Silinger, Calleja und Partner , Listerplatz.<\/td>\n<\/tr>\n<tr align=\"left\" valign=\"top\">\n<td width=\"3%\"><img loading=\"lazy\" decoding=\"async\" src=\"https:\/\/www.praxisfuerorthopaedie.de\/img\/punkt.gif\" alt=\"\" width=\"5\" height=\"10\" \/><\/td>\n<td width=\"97%\">MRT Langenhagen wegen PRT und Nuklearmedizin, Spiral CT und MRT<\/td>\n<\/tr>\n<tr align=\"left\" valign=\"top\">\n<td width=\"3%\"><img loading=\"lazy\" decoding=\"async\" src=\"https:\/\/www.praxisfuerorthopaedie.de\/img\/punkt.gif\" alt=\"\" width=\"5\" height=\"10\" \/><\/td>\n<td width=\"97%\">Orthop\u00e4dietechnik Kniesick, Neustadt<\/td>\n<\/tr>\n<tr align=\"left\" valign=\"top\">\n<td width=\"3%\"><img loading=\"lazy\" decoding=\"async\" src=\"https:\/\/www.praxisfuerorthopaedie.de\/img\/punkt.gif\" alt=\"\" width=\"5\" height=\"10\" \/><\/td>\n<td width=\"97%\"><a href=\"http:\/\/www.be-zwei.de\/\" target=\"_blank\" rel=\"noopener\">www.be-zwei.de<\/a><\/td>\n<\/tr>\n<tr align=\"left\" valign=\"top\">\n<td width=\"3%\"><img loading=\"lazy\" decoding=\"async\" src=\"https:\/\/www.praxisfuerorthopaedie.de\/img\/punkt.gif\" alt=\"\" width=\"5\" height=\"10\" \/><\/td>\n<td width=\"97%\"><a href=\"http:\/\/www.arcforge.de\/\" target=\"_blank\" rel=\"noopener\">www.arcforge.de<\/a><\/td>\n<\/tr>\n<tr align=\"left\" valign=\"top\">\n<td width=\"3%\"><img loading=\"lazy\" decoding=\"async\" src=\"https:\/\/www.praxisfuerorthopaedie.de\/img\/punkt.gif\" alt=\"\" width=\"5\" height=\"10\" \/><\/td>\n<td width=\"97%\"><a href=\"http:\/\/www.dv-osteologie.de\/\" target=\"_blank\" rel=\"noopener\">DVO<\/a><\/td>\n<\/tr>\n<\/tbody>\n<\/table>\n<p>[\/vc_column_text][\/vc_column][\/vc_row]<\/p>\n","protected":false},"excerpt":{"rendered":"<p>[vc_row][vc_column][vc_column_text] Qualit\u00e4tsmanagement: Die Implementierung eines Qualit\u00e4tsmanagement-Systems in der Praxis ist eine freiwillige unternehmerische Entscheidung, die wir im Jahr 2002 f\u00fcr unsere Praxis getroffen haben. Nach intensiver Vorbereitung haben wir uns am 19.10.06 erstmals nach DIN EN ISO 9001\/2000 zertifizieren lassen, seit dem finden j\u00e4hrlich Re- Audits zur \u00dcberpr\u00fcfung unserer Qualit\u00e4t statt. Wir haben uns damals [&hellip;]<\/p>\n","protected":false},"author":6,"featured_media":168,"parent":0,"menu_order":0,"comment_status":"closed","ping_status":"closed","template":"","meta":{"footnotes":""},"class_list":["post-166","page","type-page","status-publish","has-post-thumbnail","hentry"],"_links":{"self":[{"href":"https:\/\/hilger.office-te.ch\/index.php?rest_route=\/wp\/v2\/pages\/166","targetHints":{"allow":["GET"]}}],"collection":[{"href":"https:\/\/hilger.office-te.ch\/index.php?rest_route=\/wp\/v2\/pages"}],"about":[{"href":"https:\/\/hilger.office-te.ch\/index.php?rest_route=\/wp\/v2\/types\/page"}],"author":[{"embeddable":true,"href":"https:\/\/hilger.office-te.ch\/index.php?rest_route=\/wp\/v2\/users\/6"}],"replies":[{"embeddable":true,"href":"https:\/\/hilger.office-te.ch\/index.php?rest_route=%2Fwp%2Fv2%2Fcomments&post=166"}],"version-history":[{"count":26,"href":"https:\/\/hilger.office-te.ch\/index.php?rest_route=\/wp\/v2\/pages\/166\/revisions"}],"predecessor-version":[{"id":2250,"href":"https:\/\/hilger.office-te.ch\/index.php?rest_route=\/wp\/v2\/pages\/166\/revisions\/2250"}],"wp:featuredmedia":[{"embeddable":true,"href":"https:\/\/hilger.office-te.ch\/index.php?rest_route=\/wp\/v2\/media\/168"}],"wp:attachment":[{"href":"https:\/\/hilger.office-te.ch\/index.php?rest_route=%2Fwp%2Fv2%2Fmedia&parent=166"}],"curies":[{"name":"wp","href":"https:\/\/api.w.org\/{rel}","templated":true}]}}